{"id":8,"date":"2025-03-18T12:53:14","date_gmt":"2025-03-18T11:53:14","guid":{"rendered":"http:\/\/artsetverres.fr\/?page_id=8"},"modified":"2025-04-13T17:10:28","modified_gmt":"2025-04-13T15:10:28","slug":"creation-de-vitraux","status":"publish","type":"page","link":"https:\/\/artsetverres.fr\/","title":{"rendered":""},"content":{"rendered":"\n<div class=\"wp-block-columns alignwide is-layout-flex wp-container-core-columns-is-layout-9d6595d7 wp-block-columns-is-layout-flex\">\n<div class=\"wp-block-column is-vertically-aligned-stretch is-layout-flow wp-block-column-is-layout-flow\">\n<div class=\"wp-block-group\"><div class=\"wp-block-group__inner-container is-layout-flow wp-block-group-is-layout-flow\">\n<figure class=\"wp-block-image alignfull size-full\"><img loading=\"lazy\" decoding=\"async\" width=\"700\" height=\"744\" src=\"http:\/\/artsetverres.fr\/wp-content\/uploads\/2025\/03\/outils.jpg\" alt=\"\" class=\"wp-image-49\" srcset=\"https:\/\/artsetverres.fr\/wp-content\/uploads\/2025\/03\/outils.jpg 700w, https:\/\/artsetverres.fr\/wp-content\/uploads\/2025\/03\/outils-282x300.jpg 282w\" sizes=\"auto, (max-width: 700px) 100vw, 700px\" \/><\/figure>\n\n\n\n<h3 class=\"wp-block-heading\">Donnez vie \u00e0 vos espaces <\/h3>\n\n\n\n<p> avec la magie lumineuse de mes vitraux, o\u00f9 chaque pi\u00e8ce est une \u0153uvre d&rsquo;art unique, m\u00ealant lumi\u00e8re et couleur pour sublimer votre int\u00e9rieur.<\/p>\n<\/div><\/div>\n<\/div>\n\n\n\n<div class=\"wp-block-column is-layout-flow wp-block-column-is-layout-flow\">\n<div class=\"wp-block-group\"><div class=\"wp-block-group__inner-container is-layout-flow wp-block-group-is-layout-flow\">\n<figure class=\"wp-block-image alignfull size-full\"><img loading=\"lazy\" decoding=\"async\" width=\"1920\" height=\"2560\" src=\"https:\/\/artsetverres.fr\/wp-content\/uploads\/2025\/03\/IMG_5013-scaled.jpg\" alt=\"\" class=\"wp-image-50\" srcset=\"https:\/\/artsetverres.fr\/wp-content\/uploads\/2025\/03\/IMG_5013-scaled.jpg 1920w, https:\/\/artsetverres.fr\/wp-content\/uploads\/2025\/03\/IMG_5013-225x300.jpg 225w, https:\/\/artsetverres.fr\/wp-content\/uploads\/2025\/03\/IMG_5013-768x1024.jpg 768w, https:\/\/artsetverres.fr\/wp-content\/uploads\/2025\/03\/IMG_5013-1152x1536.jpg 1152w, https:\/\/artsetverres.fr\/wp-content\/uploads\/2025\/03\/IMG_5013-1536x2048.jpg 1536w, https:\/\/artsetverres.fr\/wp-content\/uploads\/2025\/03\/IMG_5013-1200x1600.jpg 1200w, https:\/\/artsetverres.fr\/wp-content\/uploads\/2025\/03\/IMG_5013-1980x2640.jpg 1980w\" sizes=\"auto, (max-width: 1920px) 100vw, 1920px\" \/><\/figure>\n\n\n\n<h3 class=\"wp-block-heading\">J&rsquo;explore et sublime la lumi\u00e8re<\/h3>\n\n\n\n<p> depuis de nombreuses ann\u00e9es \u00e0 travers la photographie. Plus r\u00e9cemment, je me suis lanc\u00e9 dans la cr\u00e9ation de vitraux, o\u00f9 je mets en sc\u00e8ne la lumi\u00e8re. Chaque pi\u00e8ce est unique et authentique, elle vous invite \u00e0 un voyage visuel et \u00e9motionnel hors du commun.<\/p>\n<\/div><\/div>\n<\/div>\n<\/div>\n\n\n\n<div class=\"wp-block-columns is-layout-flex wp-container-core-columns-is-layout-9d6595d7 wp-block-columns-is-layout-flex\">\n<div class=\"wp-block-column is-layout-flow wp-block-column-is-layout-flow\" style=\"flex-basis:100%\">\n<div class=\"wp-block-columns is-layout-flex wp-container-core-columns-is-layout-9d6595d7 wp-block-columns-is-layout-flex\">\n<div class=\"wp-block-column is-layout-flow wp-block-column-is-layout-flow\" style=\"flex-basis:100%\"><\/div>\n<\/div>\n<\/div>\n<\/div>\n\n\n\n<p><\/p>\n\n\n\n<p><\/p>\n","protected":false},"excerpt":{"rendered":"<p>Donnez vie \u00e0 vos espaces avec la magie lumineuse de mes vitraux, o\u00f9 chaque pi\u00e8ce est une \u0153uvre d&rsquo;art unique, m\u00ealant lumi\u00e8re et couleur pour sublimer votre int\u00e9rieur. J&rsquo;explore et sublime la lumi\u00e8re depuis de nombreuses ann\u00e9es \u00e0 travers la photographie. Plus r\u00e9cemment, je me suis lanc\u00e9 dans la cr\u00e9ation de vitraux, o\u00f9 je mets [&hellip;]<\/p>\n","protected":false},"author":1,"featured_media":47,"parent":0,"menu_order":0,"comment_status":"closed","ping_status":"closed","template":"","meta":{"om_disable_all_campaigns":false,"_monsterinsights_skip_tracking":false,"_monsterinsights_sitenote_active":false,"_monsterinsights_sitenote_note":"","_monsterinsights_sitenote_category":0,"footnotes":""},"class_list":["post-8","page","type-page","status-publish","has-post-thumbnail","hentry"],"aioseo_notices":[],"_links":{"self":[{"href":"https:\/\/artsetverres.fr\/index.php\/wp-json\/wp\/v2\/pages\/8","targetHints":{"allow":["GET"]}}],"collection":[{"href":"https:\/\/artsetverres.fr\/index.php\/wp-json\/wp\/v2\/pages"}],"about":[{"href":"https:\/\/artsetverres.fr\/index.php\/wp-json\/wp\/v2\/types\/page"}],"author":[{"embeddable":true,"href":"https:\/\/artsetverres.fr\/index.php\/wp-json\/wp\/v2\/users\/1"}],"replies":[{"embeddable":true,"href":"https:\/\/artsetverres.fr\/index.php\/wp-json\/wp\/v2\/comments?post=8"}],"version-history":[{"count":22,"href":"https:\/\/artsetverres.fr\/index.php\/wp-json\/wp\/v2\/pages\/8\/revisions"}],"predecessor-version":[{"id":150,"href":"https:\/\/artsetverres.fr\/index.php\/wp-json\/wp\/v2\/pages\/8\/revisions\/150"}],"wp:featuredmedia":[{"embeddable":true,"href":"https:\/\/artsetverres.fr\/index.php\/wp-json\/wp\/v2\/media\/47"}],"wp:attachment":[{"href":"https:\/\/artsetverres.fr\/index.php\/wp-json\/wp\/v2\/media?parent=8"}],"curies":[{"name":"wp","href":"https:\/\/api.w.org\/{rel}","templated":true}]}}