{"id":9,"date":"2025-03-18T12:53:14","date_gmt":"2025-03-18T11:53:14","guid":{"rendered":"http:\/\/artsetverres.fr\/?page_id=9"},"modified":"2025-03-18T15:48:52","modified_gmt":"2025-03-18T14:48:52","slug":"a-propos-de","status":"publish","type":"page","link":"https:\/\/artsetverres.fr\/index.php\/a-propos-de\/","title":{"rendered":"A propos"},"content":{"rendered":"\n<p><em>Chaque pi\u00e8ce est une cr\u00e9ation unique issue de mon imagination. Les dimensions indiqu\u00e9es peuvent varier de quelques millim\u00e8tres en raison de la nature artisanale du travail.<\/em><\/p>\n\n\n\n<p><em>Je mets en \u0153uvre diff\u00e9rentes techniques pour donner vie \u00e0 mes cr\u00e9ations :<\/em><\/p>\n\n\n\n<p><strong><em>La technique du plomb<\/em><\/strong><em>&nbsp;consiste \u00e0 encadrer les morceaux de verre avec un profil\u00e9 de plomb, qui est ensuite soud\u00e9 \u00e0 leurs intersections pour assurer la solidit\u00e9 de l\u2019ensemble.<\/em><\/p>\n\n\n\n<p><strong><em>La technique Tiffany<\/em><\/strong><em>&nbsp;repose sur l\u2019utilisation d\u2019un ruban de cuivre pour entourer chaque pi\u00e8ce de verre, lesquelles sont ensuite scell\u00e9es entre elles par une soudure au plomb.<\/em><\/p>\n\n\n\n<p><strong><em>La peinture sur verre<\/em><\/strong><em>&nbsp;est parfois utilis\u00e9e pour ajouter des effets et des d\u00e9tails que le verre teint\u00e9 seul ne peut offrir.<\/em><\/p>\n\n\n\n<p><em>Pour certaines pi\u00e8ces, j\u2019emploie de la colle sp\u00e9ciale afin d\u2019assembler et de sceller deux plaques de verre entre elles.<\/em><\/p>\n\n\n\n<p><em>Lors de la fabrication de certaines lampes, j\u2019utilise de l\u2019\u00e9poxy pour encapsuler les morceaux de verre, cr\u00e9ant ainsi des effets uniques.<\/em><\/p>\n\n\n\n<p><em>Pour d\u2019autres mod\u00e8les, je renforce les angles avec des tiges de cuivre afin d\u2019assurer robustesse et esth\u00e9tique.<\/em><\/p>\n\n\n\n<p><em>Chaque cr\u00e9ation est le fruit d\u2019un savoir-faire minutieux et d\u2019une recherche constante de nouvelles possibilit\u00e9s artistiques.<\/em><\/p>\n","protected":false},"excerpt":{"rendered":"<p>Chaque pi\u00e8ce est une cr\u00e9ation unique issue de mon imagination. Les dimensions indiqu\u00e9es peuvent varier de quelques millim\u00e8tres en raison de la nature artisanale du travail. Je mets en \u0153uvre diff\u00e9rentes techniques pour donner vie \u00e0 mes cr\u00e9ations : La technique du plomb&nbsp;consiste \u00e0 encadrer les morceaux de verre avec un profil\u00e9 de plomb, qui [&hellip;]<\/p>\n","protected":false},"author":1,"featured_media":0,"parent":0,"menu_order":0,"comment_status":"closed","ping_status":"closed","template":"","meta":{"om_disable_all_campaigns":false,"_monsterinsights_skip_tracking":false,"_monsterinsights_sitenote_active":false,"_monsterinsights_sitenote_note":"","_monsterinsights_sitenote_category":0,"footnotes":""},"class_list":["post-9","page","type-page","status-publish","hentry"],"aioseo_notices":[],"_links":{"self":[{"href":"https:\/\/artsetverres.fr\/index.php\/wp-json\/wp\/v2\/pages\/9","targetHints":{"allow":["GET"]}}],"collection":[{"href":"https:\/\/artsetverres.fr\/index.php\/wp-json\/wp\/v2\/pages"}],"about":[{"href":"https:\/\/artsetverres.fr\/index.php\/wp-json\/wp\/v2\/types\/page"}],"author":[{"embeddable":true,"href":"https:\/\/artsetverres.fr\/index.php\/wp-json\/wp\/v2\/users\/1"}],"replies":[{"embeddable":true,"href":"https:\/\/artsetverres.fr\/index.php\/wp-json\/wp\/v2\/comments?post=9"}],"version-history":[{"count":3,"href":"https:\/\/artsetverres.fr\/index.php\/wp-json\/wp\/v2\/pages\/9\/revisions"}],"predecessor-version":[{"id":67,"href":"https:\/\/artsetverres.fr\/index.php\/wp-json\/wp\/v2\/pages\/9\/revisions\/67"}],"wp:attachment":[{"href":"https:\/\/artsetverres.fr\/index.php\/wp-json\/wp\/v2\/media?parent=9"}],"curies":[{"name":"wp","href":"https:\/\/api.w.org\/{rel}","templated":true}]}}